{"id":730,"date":"2018-07-26T10:40:07","date_gmt":"2018-07-26T13:40:07","guid":{"rendered":"https:\/\/institutosantarosa-cha.infd.edu.ar\/sitio\/?page_id=730"},"modified":"2020-06-05T17:14:40","modified_gmt":"2020-06-05T20:14:40","slug":"ingresantes","status":"publish","type":"page","link":"https:\/\/institutosantarosa-cha.infd.edu.ar\/sitio\/estudiantes\/ingresantes\/","title":{"rendered":"Ingresantes"},"content":{"rendered":"<h4>Requisitos de inscripci\u00f3n<\/h4>\n<p><em><b>Queridos Estudiantes ingresantes\u00a0<\/b><\/em><\/p>\n<p><span style=\"font-weight: 400;\">Una vez que han completado el formulario de inscripci\u00f3n han culminado el primer paso de su inscripci\u00f3n.<\/span><\/p>\n<p><span style=\"font-weight: 400;\">Deber\u00e1n aguardar, y en los pr\u00f3ximos d\u00edas recibir\u00e1n en sus correos electr\u00f3nicos la confirmaci\u00f3n.<\/span><\/p>\n<p>&nbsp;<\/p>\n<p><b>Siguiente paso\u2026<\/b><\/p>\n<p><span style=\"font-weight: 400;\">Cuando las condiciones est\u00e9n dadas y el encuentro presencial en la instituci\u00f3n est\u00e9 permitido culminado el aislamiento social preventivo\u00a0 y obligatorio previsto a partir de la crisis sanitaria producto del virus COVID-19; los estudiantes deber\u00e1n presentar en la instituci\u00f3n la siguiente documentaci\u00f3n:<\/span><\/p>\n<p>&nbsp;<\/p>\n<ol>\n<li style=\"font-weight: 400;\"><span style=\"font-weight: 400;\">Comprobante de inscripci\u00f3n<\/span><\/li>\n<li style=\"font-weight: 400;\"><span style=\"font-weight: 400;\">Fotocopia del t\u00edtulo secundario, o constancia de t\u00edtulo en tr\u00e1mite (se puede adeudar hasta dos materias)<\/span><\/li>\n<li style=\"font-weight: 400;\"><span style=\"font-weight: 400;\">Fotocopia de DNI<\/span><\/li>\n<li style=\"font-weight: 400;\"><span style=\"font-weight: 400;\">Acta de nacimiento<\/span><\/li>\n<li style=\"font-weight: 400;\"><span style=\"font-weight: 400;\">Certificado de domicilio<\/span><\/li>\n<li style=\"font-weight: 400;\"><span style=\"font-weight: 400;\">Certificado de aptitud f\u00edsica\u00a0<\/span><\/li>\n<li style=\"font-weight: 400;\"><span style=\"font-weight: 400;\">Tres fotos 4&#215;4 (carnet) fondo blanco o azul<\/span><\/li>\n<li style=\"font-weight: 400;\"><span style=\"font-weight: 400;\">Constancia de cuil<\/span><\/li>\n<li style=\"font-weight: 400;\"><span style=\"font-weight: 400;\">Folio tama\u00f1o oficio<\/span><\/li>\n<\/ol>\n<ul>\n<li style=\"font-weight: 400;\"><span style=\"font-weight: 400;\">Mayores de 25 a\u00f1os deber\u00e1n presentar nota solicitando ingreso a la espera de notificaci\u00f3n para acceder al examen correspondiente.<\/span><\/li>\n<li style=\"font-weight: 400;\"><span style=\"font-weight: 400;\">Estudiantes extranjeros consultar documentaci\u00f3n requerida.<\/span><\/li>\n<\/ul>\n<p>&nbsp;<\/p>\n","protected":false},"excerpt":{"rendered":"<p>Requisitos de inscripci\u00f3n Queridos Estudiantes ingresantes\u00a0 Una vez que han completado el formulario de inscripci\u00f3n han culminado el primer paso de su inscripci\u00f3n. Deber\u00e1n aguardar, y en los pr\u00f3ximos d\u00edas recibir\u00e1n en sus correos electr\u00f3nicos la confirmaci\u00f3n. &nbsp; Siguiente paso\u2026 Cuando las condiciones est\u00e9n dadas y el encuentro presencial en la instituci\u00f3n est\u00e9 permitido culminado &#8230; <a title=\"Ingresantes\" class=\"read-more\" href=\"https:\/\/institutosantarosa-cha.infd.edu.ar\/sitio\/estudiantes\/ingresantes\/\" aria-label=\"More on Ingresantes\">[+]<\/a><\/p>\n","protected":false},"author":6,"featured_media":0,"parent":692,"menu_order":0,"comment_status":"closed","ping_status":"closed","template":"","meta":[],"acf":[],"_links":{"self":[{"href":"https:\/\/institutosantarosa-cha.infd.edu.ar\/sitio\/wp-json\/wp\/v2\/pages\/730"}],"collection":[{"href":"https:\/\/institutosantarosa-cha.infd.edu.ar\/sitio\/wp-json\/wp\/v2\/pages"}],"about":[{"href":"https:\/\/institutosantarosa-cha.infd.edu.ar\/sitio\/wp-json\/wp\/v2\/types\/page"}],"author":[{"embeddable":true,"href":"https:\/\/institutosantarosa-cha.infd.edu.ar\/sitio\/wp-json\/wp\/v2\/users\/6"}],"replies":[{"embeddable":true,"href":"https:\/\/institutosantarosa-cha.infd.edu.ar\/sitio\/wp-json\/wp\/v2\/comments?post=730"}],"version-history":[{"count":4,"href":"https:\/\/institutosantarosa-cha.infd.edu.ar\/sitio\/wp-json\/wp\/v2\/pages\/730\/revisions"}],"predecessor-version":[{"id":842,"href":"https:\/\/institutosantarosa-cha.infd.edu.ar\/sitio\/wp-json\/wp\/v2\/pages\/730\/revisions\/842"}],"up":[{"embeddable":true,"href":"https:\/\/institutosantarosa-cha.infd.edu.ar\/sitio\/wp-json\/wp\/v2\/pages\/692"}],"wp:attachment":[{"href":"https:\/\/institutosantarosa-cha.infd.edu.ar\/sitio\/wp-json\/wp\/v2\/media?parent=730"}],"curies":[{"name":"wp","href":"https:\/\/api.w.org\/{rel}","templated":true}]}}