{"id":286,"date":"2016-10-31T13:17:59","date_gmt":"2016-10-31T16:17:59","guid":{"rendered":"https:\/\/institutosantarosa-cha.infd.edu.ar\/sitio\/?page_id=286"},"modified":"2022-04-20T14:05:54","modified_gmt":"2022-04-20T17:05:54","slug":"inicio","status":"publish","type":"page","link":"https:\/\/institutosantarosa-cha.infd.edu.ar\/sitio\/","title":{"rendered":"Home IES Santa Rosa de Lima"},"content":{"rendered":"<h3 style=\"text-align: center;\"><b>Ciclo Lectivo 2022<\/b><\/h3>\n<h3 style=\"text-align: center;\"><b> IES \u201cSanta Rosa de Lima!<\/b><\/h3>\n<p style=\"text-align: left;\"><span style=\"color: #000080;\"><b>Los recibimos en esta nueva experiencia de aprendizaje, que constituye un desaf\u00edo pero tambi\u00e9n una oportunidad de adquirir nuevas experiencias y saberes compartidos.<\/b><\/span><\/p>\n<p style=\"text-align: left;\"><span style=\"color: #000080;\"><b>El campus proporciona un entorno virtual de aprendizaje que les permitir\u00e1 en este momento en el que para cuidarnos no podemos asistir al establecimiento, realizar en forma no presencial, sus actividades acad\u00e9micas programadas para cada uno de los espacios de su plan de estudios.\u00a0<\/b><\/span><\/p>\n<p style=\"text-align: left;\"><span style=\"color: #000080;\"><b>Fue concebida tambi\u00e9n, para ofrecerles a los profesores una herramienta m\u00e1s, que les permita impartir sus clases adapt\u00e1ndose a las nuevas modalidades que la tecnolog\u00eda hoy nos ofrece y as\u00ed podr\u00e1n acceder a todo el material necesario para desarrollar las actividades planificadas en cada espacio curricular\u00a0<\/b><\/span><\/p>\n<p style=\"text-align: left;\">\u00a0<\/p>\n<h2 style=\"text-align: center;\"><span style=\"color: #000080;\"><strong>Inscripciones para cursar 1ro y 2do a\u00f1o del Profesorado en Educaci\u00f3n Superior en Educaci\u00f3n F\u00edsica Sede La Leonesa<\/strong><\/span><\/h2>\n<p><iframe loading=\"lazy\" src=\"https:\/\/docs.google.com\/forms\/d\/e\/1FAIpQLSdovsXatNDGY0kAfyNc7nKEoP5CZ2sgEAV9lCpj98HhJuvhVw\/viewform?embedded=true\" width=\"640\" height=\"3083\" frameborder=\"0\" marginwidth=\"0\" marginheight=\"0\">Cargando\u2026<\/iframe><\/p>\n","protected":false},"excerpt":{"rendered":"<p>Ciclo Lectivo 2022 IES \u201cSanta Rosa de Lima! Los recibimos en esta nueva experiencia de aprendizaje, que constituye un desaf\u00edo pero tambi\u00e9n una oportunidad de adquirir nuevas experiencias y saberes compartidos. El campus proporciona un entorno virtual de aprendizaje que les permitir\u00e1 en este momento en el que para cuidarnos no podemos asistir al establecimiento, &#8230; <a title=\"Home IES Santa Rosa de Lima\" class=\"read-more\" href=\"https:\/\/institutosantarosa-cha.infd.edu.ar\/sitio\/\" aria-label=\"More on Home IES Santa Rosa de Lima\">[+]<\/a><\/p>\n","protected":false},"author":1,"featured_media":0,"parent":0,"menu_order":0,"comment_status":"closed","ping_status":"closed","template":"","meta":[],"acf":[],"_links":{"self":[{"href":"https:\/\/institutosantarosa-cha.infd.edu.ar\/sitio\/wp-json\/wp\/v2\/pages\/286"}],"collection":[{"href":"https:\/\/institutosantarosa-cha.infd.edu.ar\/sitio\/wp-json\/wp\/v2\/pages"}],"about":[{"href":"https:\/\/institutosantarosa-cha.infd.edu.ar\/sitio\/wp-json\/wp\/v2\/types\/page"}],"author":[{"embeddable":true,"href":"https:\/\/institutosantarosa-cha.infd.edu.ar\/sitio\/wp-json\/wp\/v2\/users\/1"}],"replies":[{"embeddable":true,"href":"https:\/\/institutosantarosa-cha.infd.edu.ar\/sitio\/wp-json\/wp\/v2\/comments?post=286"}],"version-history":[{"count":145,"href":"https:\/\/institutosantarosa-cha.infd.edu.ar\/sitio\/wp-json\/wp\/v2\/pages\/286\/revisions"}],"predecessor-version":[{"id":937,"href":"https:\/\/institutosantarosa-cha.infd.edu.ar\/sitio\/wp-json\/wp\/v2\/pages\/286\/revisions\/937"}],"wp:attachment":[{"href":"https:\/\/institutosantarosa-cha.infd.edu.ar\/sitio\/wp-json\/wp\/v2\/media?parent=286"}],"curies":[{"name":"wp","href":"https:\/\/api.w.org\/{rel}","templated":true}]}}